{"id":205,"date":"2023-05-22T14:15:57","date_gmt":"2023-05-22T12:15:57","guid":{"rendered":"https:\/\/masterclass.jamu.cz\/56-mezinarodni-mistrovske-interpretacni-kurzy-english\/"},"modified":"2025-12-17T09:46:11","modified_gmt":"2025-12-17T08:46:11","slug":"56-mezinarodni-mistrovske-interpretacni-kurzy-english","status":"publish","type":"page","link":"https:\/\/masterclass.jamu.cz\/en\/","title":{"rendered":"58TH\u00a0INTERNATIONAL MUSIC MASTER CLASSES BRNO"},"content":{"rendered":"\n<p class=\"has-small-font-size\">At the beginning of summer holidays we will be pleased to welcome you to&nbsp;<strong>The International Music Master Classes<\/strong>&nbsp;in Brno.&nbsp;<\/p>\n\n\n\n<p><strong>The courses are held in the building of the Music Faculty of the Jan\u00e1\u010dek Academy of Performing Arts in the historical centre of Brno, a city with a rich cultural tradition. Even in the summer months you can visit many cultural events and follow in the footsteps of composer Leo\u0161 Jan\u00e1\u010dek.<\/strong><\/p>\n\n\n\n<p>The International Music Master Classes are open this year for&nbsp;<strong><em>Clarinet | Double Bass | Flute | Piano | Piccolo | Violin | Voice&nbsp;<\/em><\/strong>and have several new features, both in terms of the workload of the courses and the organisational structure.&nbsp;<\/p>\n\n\n\n<h3 class=\"wp-block-heading has-text-align-center\"><\/h3>\n\n\n\n<figure class=\"wp-block-pullquote\"><blockquote><p><strong><br>Dear participants and those interested in the International Music Master Classes organized by the Janacek Academy of Performing Arts<\/strong>,<br>after a very successful 58th edition and a pleasant time spent together, we would like to invite you to the 59th edition.<br>Unfortunately, due to extensive construction work in the building of the Faculty of Music JAMU from June to September 2026, we are forced to hold the 59th edition in July 2027.<br>Information about the next year will be published in December 2026.<br>Thank you for your understanding and support, and we look forward to seeing you in July 2027.<\/p><\/blockquote><\/figure>\n\n\n\n<p>In addition to individual lessons and accompaniment, you can look forward to concerts, performances in chamber ensembles, workshops, seminars, lectures, improvisation lessons, historical dance, yoga, instrument exhibitions and other interesting activities.&nbsp;<strong>And all this for one price!<\/strong><\/p>\n\n\n\n<p>The courses are intended for students of conservatories, music grammar schools, art colleges and universities, talented pupils of music schools and their teachers and those who want to improve their playing. Participation is not limited by age.<\/p>\n\n\n\n<p>The courses can also serve as preparation for entrance exams to secondary and higher art schools, performing competitions and auditions.<\/p>\n\n\n\n<p>The tuition takes place in the modern-equipped building of the Faculty of Music, Janacek Academy of Music and Performing Arts, and under professional supervision of renowned artists and experienced teachers.<\/p>\n\n\n\n<p class=\"has-small-font-size\">You can participate actively or passively.<\/p>\n\n\n\n<blockquote class=\"wp-block-quote is-layout-flow wp-block-quote-is-layout-flow\">\n<figure class=\"wp-block-embed is-type-video is-provider-youtube wp-block-embed-youtube wp-embed-aspect-16-9 wp-has-aspect-ratio\"><div class=\"wp-block-embed__wrapper\">\n<iframe loading=\"lazy\" title=\"Masterclass Faculty of Music, Jan\u00e1\u010dek Academy of Music and Performing Arts\" width=\"500\" height=\"281\" src=\"https:\/\/www.youtube.com\/embed\/5tiBwlEQcVw?feature=oembed\" frameborder=\"0\" allow=\"accelerometer; autoplay; clipboard-write; encrypted-media; gyroscope; picture-in-picture; web-share\" referrerpolicy=\"strict-origin-when-cross-origin\" allowfullscreen><\/iframe>\n<\/div><\/figure>\n<\/blockquote>\n","protected":false},"excerpt":{"rendered":"<p>At the beginning of summer holidays we will be pleased to welcome you to&nbsp;The International Music Master Classes&nbsp;in Brno.&nbsp; The courses are held in the building of the Music Faculty of the Jan\u00e1\u010dek Academy of Performing Arts in the historical centre of Brno, a city with a rich cultural tradition. Even in the summer months [&hellip;]<\/p>\n","protected":false},"author":4,"featured_media":0,"parent":0,"menu_order":0,"comment_status":"closed","ping_status":"closed","template":"","meta":{"footnotes":""},"class_list":["post-205","page","type-page","status-publish","hentry"],"_links":{"self":[{"href":"https:\/\/masterclass.jamu.cz\/en\/wp-json\/wp\/v2\/pages\/205","targetHints":{"allow":["GET"]}}],"collection":[{"href":"https:\/\/masterclass.jamu.cz\/en\/wp-json\/wp\/v2\/pages"}],"about":[{"href":"https:\/\/masterclass.jamu.cz\/en\/wp-json\/wp\/v2\/types\/page"}],"author":[{"embeddable":true,"href":"https:\/\/masterclass.jamu.cz\/en\/wp-json\/wp\/v2\/users\/4"}],"replies":[{"embeddable":true,"href":"https:\/\/masterclass.jamu.cz\/en\/wp-json\/wp\/v2\/comments?post=205"}],"version-history":[{"count":7,"href":"https:\/\/masterclass.jamu.cz\/en\/wp-json\/wp\/v2\/pages\/205\/revisions"}],"predecessor-version":[{"id":347,"href":"https:\/\/masterclass.jamu.cz\/en\/wp-json\/wp\/v2\/pages\/205\/revisions\/347"}],"wp:attachment":[{"href":"https:\/\/masterclass.jamu.cz\/en\/wp-json\/wp\/v2\/media?parent=205"}],"curies":[{"name":"wp","href":"https:\/\/api.w.org\/{rel}","templated":true}]}}