{"id":35,"date":"2023-05-18T15:01:43","date_gmt":"2023-05-18T13:01:43","guid":{"rendered":"https:\/\/masterclass.jamu.cz\/?page_id=35"},"modified":"2025-02-06T15:28:10","modified_gmt":"2025-02-06T14:28:10","slug":"our-offer","status":"publish","type":"page","link":"https:\/\/masterclass.jamu.cz\/en\/our-offer\/","title":{"rendered":"We offer"},"content":{"rendered":"\n<p><strong>We offer<\/strong><\/p>\n\n\n\n<ul class=\"wp-block-list\">\n<li>4 individual lessons at minimum to every active participant, piano accompanist, chamber music\/ vocal ensemble, workshops<\/li>\n\n\n\n<li>opportunity to play at concerts which are organized daily\u00a0<\/li>\n\n\n\n<li>opportunity to prepare for entrance exams to secondary and higher education art schools, for competitions and auditions<\/li>\n\n\n\n<li>sufficient number of practice rooms and practice hours<\/li>\n\n\n\n<li>free access to any lessons and seminars of all disciplines, and to concerts organized within the master classes<\/li>\n\n\n\n<li>opportunity to\u00a0make an audio- or videorecording of a concert<\/li>\n\n\n\n<li>historical dance classes<\/li>\n\n\n\n<li>yoga classes<\/li>\n\n\n\n<li>lessons in improvization<\/li>\n\n\n\n<li>lecture on psychological resilience and preparation for public performance<\/li>\n\n\n\n<li>exhibitions of instruments<\/li>\n\n\n\n<li>possibility to visit Leo\u0161e Jan\u00e1\u010dek Memorial<\/li>\n\n\n\n<li>In the end, every participant will receive a certificate of participation in The International Music Master Classes.<\/li>\n<\/ul>\n\n\n\n<p class=\"has-small-font-size\"><\/p>\n\n\n\n<h2 class=\"wp-block-heading has-large-font-size\">WHO THE CLASSES ARE DESIGNED FOR<\/h2>\n\n\n\n<ul class=\"wp-block-list\">\n<li>Active or passive participation in master classes is possible.<\/li>\n\n\n\n<li>The active participation is recommended for:<\/li>\n\n\n\n<li>students and graduates from conservatoires and other music schools<\/li>\n\n\n\n<li>students and graduates from music colleges and academies of music<\/li>\n\n\n\n<li>professional musicians<\/li>\n\n\n\n<li>teachers at music schools<\/li>\n\n\n\n<li>Participation is not limited by age.<\/li>\n<\/ul>\n","protected":false},"excerpt":{"rendered":"<p>We offer WHO THE CLASSES ARE DESIGNED FOR<\/p>\n","protected":false},"author":4,"featured_media":0,"parent":0,"menu_order":0,"comment_status":"closed","ping_status":"closed","template":"","meta":{"footnotes":""},"class_list":["post-35","page","type-page","status-publish","hentry"],"_links":{"self":[{"href":"https:\/\/masterclass.jamu.cz\/en\/wp-json\/wp\/v2\/pages\/35","targetHints":{"allow":["GET"]}}],"collection":[{"href":"https:\/\/masterclass.jamu.cz\/en\/wp-json\/wp\/v2\/pages"}],"about":[{"href":"https:\/\/masterclass.jamu.cz\/en\/wp-json\/wp\/v2\/types\/page"}],"author":[{"embeddable":true,"href":"https:\/\/masterclass.jamu.cz\/en\/wp-json\/wp\/v2\/users\/4"}],"replies":[{"embeddable":true,"href":"https:\/\/masterclass.jamu.cz\/en\/wp-json\/wp\/v2\/comments?post=35"}],"version-history":[{"count":8,"href":"https:\/\/masterclass.jamu.cz\/en\/wp-json\/wp\/v2\/pages\/35\/revisions"}],"predecessor-version":[{"id":316,"href":"https:\/\/masterclass.jamu.cz\/en\/wp-json\/wp\/v2\/pages\/35\/revisions\/316"}],"wp:attachment":[{"href":"https:\/\/masterclass.jamu.cz\/en\/wp-json\/wp\/v2\/media?parent=35"}],"curies":[{"name":"wp","href":"https:\/\/api.w.org\/{rel}","templated":true}]}}