{"id":46,"date":"2023-05-18T15:08:27","date_gmt":"2023-05-18T13:08:27","guid":{"rendered":"https:\/\/masterclass.jamu.cz\/?page_id=46"},"modified":"2025-06-12T10:21:51","modified_gmt":"2025-06-12T08:21:51","slug":"accommodation","status":"publish","type":"page","link":"https:\/\/masterclass.jamu.cz\/en\/accommodation\/","title":{"rendered":"Accommodation"},"content":{"rendered":"\n<blockquote class=\"wp-block-quote is-layout-flow wp-block-quote-is-layout-flow\">\n<p>We offer accommodation in the Petrinum Church Student House&nbsp;at discounted prices:<\/p>\n\n\n\n<p><strong>360 CZK\/person\/night (2-3 bedded rooms)<\/strong><\/p>\n\n\n\n<p><strong>420 CZK\/person\/night (single room)<\/strong><\/p>\n\n\n\n<p><strong>Fee from the Municipality of Brno &#8211; 40 CZK\/person\/night &#8211; only for persons over 18 years of age.<\/strong><\/p>\n\n\n\n<p><strong>One-time fee for a stay of 2 nights or less &#8211; 100 CZK\/person.<\/strong><\/p>\n\n\n\n<p>On the day of departure it is necessary to check out by 9 am.&nbsp;<\/p>\n\n\n\n<p>These are regular student rooms with shared (separate male\/female) bathroom and kitchenette on the floor.<\/p>\n\n\n\n<p>Bed linen in the room, wifi connection in the whole building. Kitchenware can be borrowed as needed.<\/p>\n\n\n\n<p>Guests will be given their room key.<\/p>\n\n\n\n<p>www.petrinum.cz<\/p>\n\n\n\n<p>Reservation via application form, payment must be made by the end of May to the account <\/p>\n\n\n\n<p>Bank: Banka Creditas<\/p>\n\n\n\n<p>Account name:&nbsp;C\u00edrkevn\u00ed domov ml\u00e1de\u017ee Petrinum<br><strong>IBAN CZ19 2250 0000 0003 8941 1931<\/strong><br><strong>BIC:<\/strong>&nbsp;<strong>CTASCZ22<\/strong>&nbsp;<\/p>\n\n\n\n<p>Bank charges:&nbsp;<strong>OUR&nbsp;<\/strong>(paid by sender)<\/p>\n\n\n\n<p>Cancellation: 30&lt; days = 0,-CZK; 30-15 days = 50%; 15&gt; days = 100%.<\/p>\n\n\n\n<p>Church Student House&nbsp; Petrinum<\/p>\n\n\n\n<p>Veve\u0159\u00ed 462\/15, 602 00 Brno<\/p>\n\n\n\n<p><strong>Accommodation in the JAMU-dormitory ASTORKA<\/strong><\/p>\n\n\n\n<p><a href=\"https:\/\/www.jamu.cz\/organizacni-struktura\/astorka\/astorka_kauce_akce\/#EN\">Price list and conditions<\/a><\/p>\n<\/blockquote>\n\n\n\n<p><\/p>\n","protected":false},"excerpt":{"rendered":"<p>We offer accommodation in the Petrinum Church Student House&nbsp;at discounted prices: 360 CZK\/person\/night (2-3 bedded rooms) 420 CZK\/person\/night (single room) Fee from the Municipality of Brno &#8211; 40 CZK\/person\/night &#8211; only for persons over 18 years of age. One-time fee for a stay of 2 nights or less &#8211; 100 CZK\/person. On the day of [&hellip;]<\/p>\n","protected":false},"author":4,"featured_media":0,"parent":0,"menu_order":0,"comment_status":"closed","ping_status":"closed","template":"","meta":{"footnotes":""},"class_list":["post-46","page","type-page","status-publish","hentry"],"_links":{"self":[{"href":"https:\/\/masterclass.jamu.cz\/en\/wp-json\/wp\/v2\/pages\/46","targetHints":{"allow":["GET"]}}],"collection":[{"href":"https:\/\/masterclass.jamu.cz\/en\/wp-json\/wp\/v2\/pages"}],"about":[{"href":"https:\/\/masterclass.jamu.cz\/en\/wp-json\/wp\/v2\/types\/page"}],"author":[{"embeddable":true,"href":"https:\/\/masterclass.jamu.cz\/en\/wp-json\/wp\/v2\/users\/4"}],"replies":[{"embeddable":true,"href":"https:\/\/masterclass.jamu.cz\/en\/wp-json\/wp\/v2\/comments?post=46"}],"version-history":[{"count":17,"href":"https:\/\/masterclass.jamu.cz\/en\/wp-json\/wp\/v2\/pages\/46\/revisions"}],"predecessor-version":[{"id":340,"href":"https:\/\/masterclass.jamu.cz\/en\/wp-json\/wp\/v2\/pages\/46\/revisions\/340"}],"wp:attachment":[{"href":"https:\/\/masterclass.jamu.cz\/en\/wp-json\/wp\/v2\/media?parent=46"}],"curies":[{"name":"wp","href":"https:\/\/api.w.org\/{rel}","templated":true}]}}