{"id":49,"date":"2023-05-18T15:11:17","date_gmt":"2023-05-18T13:11:17","guid":{"rendered":"https:\/\/masterclass.jamu.cz\/?page_id=49"},"modified":"2025-02-06T15:23:51","modified_gmt":"2025-02-06T14:23:51","slug":"contacts","status":"publish","type":"page","link":"https:\/\/masterclass.jamu.cz\/en\/contacts\/","title":{"rendered":"Contacts"},"content":{"rendered":"\n<div class=\"wp-block-columns is-layout-flex wp-container-core-columns-is-layout-28f84493 wp-block-columns-is-layout-flex\">\n<div class=\"wp-block-column is-layout-flow wp-block-column-is-layout-flow\" style=\"flex-basis:50%\">\n<p><strong>Faculty of Music &#8211; MIK, JAMU<\/strong><\/p>\n\n\n\n<p>Komensk\u00e9ho n\u00e1m. 6<br>662 15 Brno<\/p>\n\n\n\n<p>tel.: +420&nbsp;542&nbsp;591&nbsp;604<br>fax: +420&nbsp;542&nbsp;591&nbsp;632<\/p>\n\n\n\n<p><strong>Director of IMMC<\/strong><br>prof. Jind\u0159ich Petr\u00e1\u0161<\/p>\n\n\n\n<p><a href=\"http:\/\/www.masterclass.jamu.cz\/\">masterclass.jamu.cz\/en<\/a><\/p>\n<\/div>\n\n\n\n<div class=\"wp-block-column is-layout-flow wp-block-column-is-layout-flow\" style=\"flex-basis:50%\">\n<div style=\"overflow:hidden;max-width:100%;width:500px;height:350px;\"><div id=\"g-mapdisplay\" style=\"height:100%; width:100%;max-width:100%;\"><iframe style=\"height:100%;width:100%;border:0;\" frameborder=\"0\" src=\"https:\/\/www.google.com\/maps\/embed\/v1\/place?q=Komensk\u00e9ho+n\u00e1m\u011bst\u00ed,+602+00+Brno-st\u0159ed,+\u010cesko&#038;key=AIzaSyBFw0Qbyq9zTFTd-tUY6dZWTgaQzuU17R8\"><\/iframe><\/div><a class=\"google-map-html\" rel=\"nofollow\" href=\"https:\/\/www.bootstrapskins.com\/themes\" id=\"inject-map-data\">premium bootstrap themes<\/a><style>#g-mapdisplay img.text-marker{max-width:none!important;background:none!important;}img{max-width:none}<\/style><\/div>\n<\/div>\n<\/div>\n\n\n\n<h2 class=\"wp-block-heading has-large-font-size\">Enquiries:<\/h2>\n\n\n\n<p>MgA. Radka Nesvadbov\u00e1<br>tel.: +420&nbsp;542&nbsp;591&nbsp;604<br>e-mail:&nbsp;<a href=\"mailto:nesvadbova@jamu.cz\">nesvadbova@jamu.cz<\/a><\/p>\n","protected":false},"excerpt":{"rendered":"<p>Faculty of Music &#8211; MIK, JAMU Komensk\u00e9ho n\u00e1m. 6662 15 Brno tel.: +420&nbsp;542&nbsp;591&nbsp;604fax: +420&nbsp;542&nbsp;591&nbsp;632 Director of IMMCprof. Jind\u0159ich Petr\u00e1\u0161 masterclass.jamu.cz\/en premium bootstrap themes Enquiries: MgA. Radka Nesvadbov\u00e1tel.: +420&nbsp;542&nbsp;591&nbsp;604e-mail:&nbsp;nesvadbova@jamu.cz<\/p>\n","protected":false},"author":4,"featured_media":0,"parent":0,"menu_order":0,"comment_status":"closed","ping_status":"closed","template":"","meta":{"footnotes":""},"class_list":["post-49","page","type-page","status-publish","hentry"],"_links":{"self":[{"href":"https:\/\/masterclass.jamu.cz\/en\/wp-json\/wp\/v2\/pages\/49","targetHints":{"allow":["GET"]}}],"collection":[{"href":"https:\/\/masterclass.jamu.cz\/en\/wp-json\/wp\/v2\/pages"}],"about":[{"href":"https:\/\/masterclass.jamu.cz\/en\/wp-json\/wp\/v2\/types\/page"}],"author":[{"embeddable":true,"href":"https:\/\/masterclass.jamu.cz\/en\/wp-json\/wp\/v2\/users\/4"}],"replies":[{"embeddable":true,"href":"https:\/\/masterclass.jamu.cz\/en\/wp-json\/wp\/v2\/comments?post=49"}],"version-history":[{"count":7,"href":"https:\/\/masterclass.jamu.cz\/en\/wp-json\/wp\/v2\/pages\/49\/revisions"}],"predecessor-version":[{"id":313,"href":"https:\/\/masterclass.jamu.cz\/en\/wp-json\/wp\/v2\/pages\/49\/revisions\/313"}],"wp:attachment":[{"href":"https:\/\/masterclass.jamu.cz\/en\/wp-json\/wp\/v2\/media?parent=49"}],"curies":[{"name":"wp","href":"https:\/\/api.w.org\/{rel}","templated":true}]}}