{"id":81,"date":"2023-05-19T10:28:17","date_gmt":"2023-05-19T08:28:17","guid":{"rendered":"https:\/\/masterclass.jamu.cz\/?page_id=81"},"modified":"2025-04-07T08:51:01","modified_gmt":"2025-04-07T06:51:01","slug":"double-bass","status":"publish","type":"page","link":"https:\/\/masterclass.jamu.cz\/en\/masterclasses\/double-bass\/","title":{"rendered":"Double bass"},"content":{"rendered":"\n<figure class=\"wp-block-pullquote\"><blockquote><p><strong>DOUBLE BASS MASTERCLASSES WILL TAKE PLACE<\/strong><br><strong>FROM SEPTEMBER 7 TO SEPTEMBER 12, 2025.<\/strong><br>Registration for the courses is open until\u00a0<strong>June 30, 2025<\/strong>.<\/p><cite><a href=\"https:\/\/prihlasky.jamu.cz\/hf\/mik\/2025\/\">Application here<\/a><\/cite><\/blockquote><\/figure>\n\n\n\n<h2 class=\"wp-block-heading has-large-font-size\">Miloslav Jel\u00ednek<\/h2>\n\n\n\n<div class=\"wp-block-columns is-layout-flex wp-container-core-columns-is-layout-28f84493 wp-block-columns-is-layout-flex\">\n<div class=\"wp-block-column is-layout-flow wp-block-column-is-layout-flow\" style=\"flex-basis:33.33%\">\n<figure class=\"wp-block-image size-full\"><img loading=\"lazy\" decoding=\"async\" width=\"2419\" height=\"2560\" src=\"https:\/\/masterclass.jamu.cz\/en\/wp-content\/uploads\/2025\/02\/M._Jelinek1_1-scaled.jpg\" alt=\"\" class=\"wp-image-320\" srcset=\"https:\/\/masterclass.jamu.cz\/en\/wp-content\/uploads\/2025\/02\/M._Jelinek1_1-scaled.jpg 2419w, https:\/\/masterclass.jamu.cz\/en\/wp-content\/uploads\/2025\/02\/M._Jelinek1_1-283x300.jpg 283w, https:\/\/masterclass.jamu.cz\/en\/wp-content\/uploads\/2025\/02\/M._Jelinek1_1-967x1024.jpg 967w, https:\/\/masterclass.jamu.cz\/en\/wp-content\/uploads\/2025\/02\/M._Jelinek1_1-768x813.jpg 768w, https:\/\/masterclass.jamu.cz\/en\/wp-content\/uploads\/2025\/02\/M._Jelinek1_1-1451x1536.jpg 1451w, https:\/\/masterclass.jamu.cz\/en\/wp-content\/uploads\/2025\/02\/M._Jelinek1_1-1935x2048.jpg 1935w\" sizes=\"auto, (max-width: 2419px) 100vw, 2419px\" \/><\/figure>\n<\/div>\n\n\n\n<div class=\"wp-block-column is-layout-flow wp-block-column-is-layout-flow\" style=\"flex-basis:66.66%\">\n<p><\/p>\n\n\n\n<p><strong>MILOSLAV JEL\u00cdNEK<\/strong>&nbsp;&nbsp;graduated from the Conservatoire in Krom\u011b\u0159\u00ed\u017e (prof. Miloslav Gajdo\u0161) and then from the Jan\u00e1\u010dek Academy of Music and Performing Arts in Brno (prof. Ji\u0159\u00ed Bortl\u00ed\u010dek). During his study he participated in a number of interpretation competitions and won a lot of awards.&nbsp;Miloslav Jel\u00ednek was for 23 years a chief of the double bass group in the Brno Philharmonic Orchestra. At present he has been professor at the Jan\u00e1\u010dek Academy of Music and Performing Arts in Brno, at the University of Ostrava, at&nbsp;<a href=\"http:\/\/www.google.cz\/url?sa=t&amp;rct=j&amp;q=music%20%20academy%20wroclaw&amp;source=web&amp;cd=1&amp;ved=0CDMQFjAA&amp;url=http%3A%2F%2Fwww.directoryofeducation.net%2Fcolleges%2Fworldwide%2Fpoland%2Fmusic%2Bacademy%2B%2522karol%2Blipinski%2522%2Bin%2Bwroclaw%2F8121%2F&amp;ei=UnSMT6P0MM_KsgbAwdGrCw&amp;usg=AFQjCNGs1LHEIVSMv_W4ZHO5Rt7BfHzivA\"><em>Music Academy<\/em>&nbsp;Karol Lipinski in&nbsp;<em>Wroclaw<\/em>, Poland<\/a>&nbsp;(2012 \u2013 2015) and at Brno Conservatory.&nbsp;&nbsp;He is&nbsp;&nbsp;honorary professor at the Beijing Conservatory.&nbsp;&nbsp;Miloslav Jelinek is the founder and chairmen of the Czech Society of Double Bassists. He cooperates with many chamber ensembles &#8211; (for example Jan\u00e1\u010dek String Quartet, Brindisi String Quartet, Wallinger Quartet, RIX Quartet). Every year in September he organizes International Double Bass Convention in Brno, Czech Republic. He has made a great number of radio, television and CD recordings and together with his wife&nbsp;&nbsp;Marcela Jel\u00ednkov\u00e1&nbsp;&nbsp;(piano)&nbsp;&nbsp;give extensively double bass recitals in the Czech Republic as well as abroad. He performs as soloist with symphony orchestras &#8211; (Brno Philharmonic Orchestra,&nbsp;<a href=\"http:\/\/www.musica.cz\/bmp\/index.html\">Bohuslav Martin\u016f Philharmonic Orchestra<\/a>, Moravian Philharmonic Olomouc, Lower Silesia Philharmonic,&nbsp;<a href=\"http:\/\/www.filharmonija.lt\/en\/performers\/lithuanian.chamber.orchestra.lt.html\">Lithuanian Chamber&nbsp;<\/a>Orchestra, Chamber Philharmonic Orchestra of South Bohemia, Brno Chamber Orchestra, Czech Chamber Soloists and many others).&nbsp;&nbsp;Also he is leader of the Brno Double Bass Orchestra. Miloslav Jel\u00ednek presents many contemporary pieces, which were written for him. For example Ji\u0159\u00ed Matys, Tony Osborne, Milo\u0161 \u0160t\u011bdro\u0148, Franti\u0161ek Emmert, Leo\u0161 Faltus and the other.&nbsp;<\/p>\n\n\n\n<p>Miloslav Jel\u00ednek is giving numerous clinics and master classes through the world (China, Denmark, Germany, Great Britain, Japan, Poland, Hungary, Bulgaria, Russia, Latvia, Singapore, USA etc.\u2026).&nbsp;<\/p>\n\n\n\n<p><strong>\u00a0<\/strong><\/p>\n<\/div>\n<\/div>\n\n\n\n<h2 class=\"wp-block-heading\">&nbsp;<strong>INTERNATIONAL DOUBLE BAS CONVENTION&nbsp;<\/strong><\/h2>\n\n\n\n<ul class=\"wp-block-list\">\n<li>\u00a0<strong>Marek \u0160vestka (Czech Republic)<\/strong> &#8211; <strong>Jan\u00e1\u010dek Academy, Brno Philharmonic\u00a0<\/strong>\n<ul class=\"wp-block-list\">\n<li><strong><em>Solo repertoire, orchestral excerpts, chamber music\u00a0<\/em><\/strong><\/li>\n<\/ul>\n<\/li>\n\n\n\n<li><strong>Gun\u0101rs Upatnieks (Latvia \/ Germany)\u00a0<\/strong>&#8211; <strong>Philharmonie Berlin, Hochschule f\u00fcr Musik Hanns Eisler Berlin\u00a0<\/strong>\n<ul class=\"wp-block-list\">\n<li><strong><em>Solo repertoire, orchestral excerpts\u00a0<\/em><\/strong><\/li>\n<\/ul>\n<\/li>\n\n\n\n<li><strong>Pavel Kle\u010dka (Czech Republic)\u00a0<\/strong>&#8211; <strong>Prague Philharmonia, Conservatory of J. Deyl Prague\u00a0<\/strong>\n<ul class=\"wp-block-list\">\n<li><strong><em>Solo repertoire, orchestral excerpts\u00a0<\/em><\/strong><\/li>\n<\/ul>\n<\/li>\n\n\n\n<li><strong>Piotr Zimnik (Poland \/ Germany)\u00a0<\/strong>&#8211; <strong>Philharmonie Berlin, Universit\u00e4t der K\u00fcnste Berlin\u00a0<\/strong>\n<ul class=\"wp-block-list\">\n<li><strong><em>Solo repertoire, orchestral excerpts\u00a0<\/em><\/strong><\/li>\n<\/ul>\n<\/li>\n\n\n\n<li><strong>Oskars Bokanovs (Latvia)\u00a0<\/strong>&#8211; <strong>The Latvian National Symphony Orchestra, J\u0101zeps V\u012btols Latvian Academy of Music\u00a0<\/strong>\n<ul class=\"wp-block-list\">\n<li><strong><em>Solo repertoire, orchestral excerpts\u00a0<\/em><\/strong><\/li>\n<\/ul>\n<\/li>\n\n\n\n<li><strong>Svoboda Bozduganova (Bulgaria)\u00a0<\/strong>&#8211; <strong>National Music Academy \u201cProf. Pancho Vladigerov\u201c, National Music Institut Sofia\u00a0<\/strong>\n<ul class=\"wp-block-list\">\n<li><strong><em>Jazz double bass, solo repertoire\u00a0<\/em><\/strong><\/li>\n<\/ul>\n<\/li>\n\n\n\n<li><strong>Yannick Adams Kroon (Spain \/ Germany)\u00a0<\/strong>&#8211; <strong>Elbphilharmonie Hamburg\u00a0<\/strong>\n<ul class=\"wp-block-list\">\n<li><strong><em>Solo repertoire, orchestral excerpts\u00a0<\/em><\/strong><\/li>\n<\/ul>\n<\/li>\n\n\n\n<li><strong>Jos\u00e9 Vilaplana Herruzo (Spain \/ Belgium)\u00a0<\/strong>&#8211; <strong>Brussels Philharmonic\u00a0<\/strong>\n<ul class=\"wp-block-list\">\n<li><strong><em>Solo repertoire, orchestral excerpts\u00a0<\/em><\/strong><\/li>\n<\/ul>\n<\/li>\n\n\n\n<li><strong>Ein\u0101rs Everss (Loty\u0161sko \/ N\u011bmecko)\u00a0<\/strong>&#8211; <strong>Danish National Symphony Orchestra, Royal Danish Academy\u00a0<\/strong>\n<ul class=\"wp-block-list\">\n<li><strong><em>Solo repertoire, orchestral excerpts\u00a0<\/em><\/strong><\/li>\n<\/ul>\n<\/li>\n\n\n\n<li><strong>Martin Ra\u0161ka (Czech Republic)\u00a0<\/strong>&#8211; <strong>Jan\u00e1\u010dek Philharmonic Ostrava, Jan\u00e1\u010dek Conservatory Ostrava\u00a0<\/strong>\n<ul class=\"wp-block-list\">\n<li><strong><em>Solo repertoire, orchestral excerpts\u00a0<\/em><\/strong><\/li>\n<\/ul>\n<\/li>\n\n\n\n<li><strong>Petr Va\u0161inka (Czech Republic)\u00a0<\/strong>&#8211; <strong>National Theatre Prague\u00a0<\/strong>\n<ul class=\"wp-block-list\">\n<li><strong><em>Solo repertoire, orchestral excerpts\u00a0<\/em><\/strong><\/li>\n<\/ul>\n<\/li>\n\n\n\n<li><strong>Juraj Valen\u010d\u00edk (Slovakia)\u00a0<\/strong>\n<ul class=\"wp-block-list\">\n<li><strong><em>Jazz double bass, solo repertoire\u00a0<\/em><\/strong><\/li>\n\n\n\n<li><\/li>\n<\/ul>\n<\/li>\n\n\n\n<li><strong>Special guest\u00a0<\/strong><\/li>\n\n\n\n<li><strong>Irena Olkiewicz (Poland)\u00a0<\/strong>&#8211; <strong>The Karol Lipi\u0144ski Academy of Music in Wroc\u0142aw\u00a0<\/strong>\n<ul class=\"wp-block-list\">\n<li><strong><em>Solo repertoire\u00a0<\/em><\/strong><\/li>\n<\/ul>\n<\/li>\n\n\n\n<li><strong>Piano Accompaniment\u00a0<\/strong><\/li>\n\n\n\n<li><strong>Marcela Jel\u00ednkov\u00e1 (Czech Republic)\u00a0<\/strong>&#8211; <strong>Jan\u00e1\u010dek Academy of Performing Arts Brno\u00a0<\/strong><\/li>\n<\/ul>\n","protected":false},"excerpt":{"rendered":"<p>DOUBLE BASS MASTERCLASSES WILL TAKE PLACEFROM SEPTEMBER 7 TO SEPTEMBER 12, 2025.Registration for the courses is open until\u00a0June 30, 2025. Application here Miloslav Jel\u00ednek MILOSLAV JEL\u00cdNEK&nbsp;&nbsp;graduated from the Conservatoire in Krom\u011b\u0159\u00ed\u017e (prof. Miloslav Gajdo\u0161) and then from the Jan\u00e1\u010dek Academy of Music and Performing Arts in Brno (prof. Ji\u0159\u00ed Bortl\u00ed\u010dek). During his study he participated [&hellip;]<\/p>\n","protected":false},"author":4,"featured_media":0,"parent":42,"menu_order":1,"comment_status":"closed","ping_status":"closed","template":"","meta":{"footnotes":""},"class_list":["post-81","page","type-page","status-publish","hentry"],"_links":{"self":[{"href":"https:\/\/masterclass.jamu.cz\/en\/wp-json\/wp\/v2\/pages\/81","targetHints":{"allow":["GET"]}}],"collection":[{"href":"https:\/\/masterclass.jamu.cz\/en\/wp-json\/wp\/v2\/pages"}],"about":[{"href":"https:\/\/masterclass.jamu.cz\/en\/wp-json\/wp\/v2\/types\/page"}],"author":[{"embeddable":true,"href":"https:\/\/masterclass.jamu.cz\/en\/wp-json\/wp\/v2\/users\/4"}],"replies":[{"embeddable":true,"href":"https:\/\/masterclass.jamu.cz\/en\/wp-json\/wp\/v2\/comments?post=81"}],"version-history":[{"count":10,"href":"https:\/\/masterclass.jamu.cz\/en\/wp-json\/wp\/v2\/pages\/81\/revisions"}],"predecessor-version":[{"id":333,"href":"https:\/\/masterclass.jamu.cz\/en\/wp-json\/wp\/v2\/pages\/81\/revisions\/333"}],"up":[{"embeddable":true,"href":"https:\/\/masterclass.jamu.cz\/en\/wp-json\/wp\/v2\/pages\/42"}],"wp:attachment":[{"href":"https:\/\/masterclass.jamu.cz\/en\/wp-json\/wp\/v2\/media?parent=81"}],"curies":[{"name":"wp","href":"https:\/\/api.w.org\/{rel}","templated":true}]}}